{"id":250,"date":"2024-08-16T11:47:58","date_gmt":"2024-08-16T11:47:58","guid":{"rendered":"https:\/\/info.mobcashbetandyouafrica.com\/hakkimizda\/"},"modified":"2025-05-16T09:59:56","modified_gmt":"2025-05-16T09:59:56","slug":"hakkimizda","status":"publish","type":"page","link":"https:\/\/mobcash.betandyou.info\/tr\/hakkimizda\/","title":{"rendered":"HAKKIMIZDA"},"content":{"rendered":"<h1>hakkimizda<\/h1>\n<p class=\"font\">Bahis D\u00fcnyas\u0131ndaki G\u00fcvenilir Orta\u011f\u0131n\u0131z<\/p>\n<p class=\"font\">Bir Mobcash temsilcisi olarak kendi kazanc\u0131n\u0131z\u0131 elde edebilmenize olanak sa\u011flayan BetAndYou&#8217;ya ho\u015f geldiniz. 2010&#8217;daki kurulu\u015fumuzdan bu yana k\u00fcresel olarak geli\u015fmekte ve say\u0131s\u0131z ki\u015finin spor bahis end\u00fcstrisinde finansal destekleyici olabilmesine olanak sa\u011flamaktay\u0131z. Platformumuz siz ve m\u00fc\u015fterileriniz i\u00e7in kusursuz bir i\u015flem deneyimi sunarak dengeli ve g\u00fcvenilir bir gelir kayna\u011f\u0131 sa\u011flar.<\/p>\n<p><a class=\"button button-yellow custom-btn btn-7\" href=\"\/tr\/?page_id=249\">Daha fazla \u00f6\u011fren<\/a><\/p>\n","protected":false},"excerpt":{"rendered":"<p>hakkimizda Bahis D\u00fcnyas\u0131ndaki G\u00fcvenilir Orta\u011f\u0131n\u0131z Bir Mobcash temsilcisi olarak kendi kazanc\u0131n\u0131z\u0131 elde edebilmenize olanak sa\u011flayan BetAndYou&#8217;ya ho\u015f geldiniz. 2010&#8217;daki kurulu\u015fumuzdan bu yana k\u00fcresel olarak geli\u015fmekte ve say\u0131s\u0131z ki\u015finin spor bahis end\u00fcstrisinde finansal destekleyici olabilmesine olanak sa\u011flamaktay\u0131z. Platformumuz siz ve m\u00fc\u015fterileriniz i\u00e7in kusursuz bir i\u015flem deneyimi sunarak dengeli ve g\u00fcvenilir bir gelir kayna\u011f\u0131 sa\u011flar. Daha fazla [&hellip;]<\/p>\n","protected":false},"author":1,"featured_media":0,"parent":0,"menu_order":0,"comment_status":"closed","ping_status":"closed","template":"page-about-us.php","meta":{"_acf_changed":false,"footnotes":""},"class_list":["post-250","page","type-page","status-publish","hentry"],"yoast_head":"<!-- This site is optimized with the Yoast SEO plugin v27.3 - https:\/\/yoast.com\/product\/yoast-seo-wordpress\/ -->\n<title>HAKKIMIZDA - Mobcash Betandyou Info<\/title>\n<meta name=\"robots\" content=\"index, follow, max-snippet:-1, max-image-preview:large, max-video-preview:-1\" \/>\n<link rel=\"canonical\" href=\"https:\/\/mobcash.betandyou.info\/tr\/hakkimizda\/\" \/>\n<meta property=\"og:locale\" content=\"tr_TR\" \/>\n<meta property=\"og:type\" content=\"article\" \/>\n<meta property=\"og:title\" content=\"HAKKIMIZDA - Mobcash Betandyou Info\" \/>\n<meta property=\"og:description\" content=\"hakkimizda Bahis D\u00fcnyas\u0131ndaki G\u00fcvenilir Orta\u011f\u0131n\u0131z Bir Mobcash temsilcisi olarak kendi kazanc\u0131n\u0131z\u0131 elde edebilmenize olanak sa\u011flayan BetAndYou&#8217;ya ho\u015f geldiniz. 2010&#8217;daki kurulu\u015fumuzdan bu yana k\u00fcresel olarak geli\u015fmekte ve say\u0131s\u0131z ki\u015finin spor bahis end\u00fcstrisinde finansal destekleyici olabilmesine olanak sa\u011flamaktay\u0131z. Platformumuz siz ve m\u00fc\u015fterileriniz i\u00e7in kusursuz bir i\u015flem deneyimi sunarak dengeli ve g\u00fcvenilir bir gelir kayna\u011f\u0131 sa\u011flar. Daha fazla [&hellip;]\" \/>\n<meta property=\"og:url\" content=\"https:\/\/mobcash.betandyou.info\/tr\/hakkimizda\/\" \/>\n<meta property=\"og:site_name\" content=\"Mobcash Betandyou Info\" \/>\n<meta property=\"article:modified_time\" content=\"2025-05-16T09:59:56+00:00\" \/>\n<meta name=\"twitter:card\" content=\"summary_large_image\" \/>\n<meta name=\"twitter:label1\" content=\"Tahmini okuma s\u00fcresi\" \/>\n\t<meta name=\"twitter:data1\" content=\"1 dakika\" \/>\n<script type=\"application\/ld+json\" class=\"yoast-schema-graph\">{\"@context\":\"https:\\\/\\\/schema.org\",\"@graph\":[{\"@type\":\"WebPage\",\"@id\":\"https:\\\/\\\/mobcash.betandyou.info\\\/tr\\\/hakkimizda\\\/\",\"url\":\"https:\\\/\\\/mobcash.betandyou.info\\\/tr\\\/hakkimizda\\\/\",\"name\":\"HAKKIMIZDA - Mobcash Betandyou Info\",\"isPartOf\":{\"@id\":\"https:\\\/\\\/mobcash.betandyou.info\\\/tr\\\/#website\"},\"datePublished\":\"2024-08-16T11:47:58+00:00\",\"dateModified\":\"2025-05-16T09:59:56+00:00\",\"breadcrumb\":{\"@id\":\"https:\\\/\\\/mobcash.betandyou.info\\\/tr\\\/hakkimizda\\\/#breadcrumb\"},\"inLanguage\":\"tr\",\"potentialAction\":[{\"@type\":\"ReadAction\",\"target\":[\"https:\\\/\\\/mobcash.betandyou.info\\\/tr\\\/hakkimizda\\\/\"]}]},{\"@type\":\"BreadcrumbList\",\"@id\":\"https:\\\/\\\/mobcash.betandyou.info\\\/tr\\\/hakkimizda\\\/#breadcrumb\",\"itemListElement\":[{\"@type\":\"ListItem\",\"position\":1,\"name\":\"Home\",\"item\":\"https:\\\/\\\/mobcash.betandyou.info\\\/tr\\\/\"},{\"@type\":\"ListItem\",\"position\":2,\"name\":\"HAKKIMIZDA\"}]},{\"@type\":\"WebSite\",\"@id\":\"https:\\\/\\\/mobcash.betandyou.info\\\/tr\\\/#website\",\"url\":\"https:\\\/\\\/mobcash.betandyou.info\\\/tr\\\/\",\"name\":\"Mobcash Betandyou Info\",\"description\":\"\",\"publisher\":{\"@id\":\"https:\\\/\\\/mobcash.betandyou.info\\\/tr\\\/#organization\"},\"potentialAction\":[{\"@type\":\"SearchAction\",\"target\":{\"@type\":\"EntryPoint\",\"urlTemplate\":\"https:\\\/\\\/mobcash.betandyou.info\\\/tr\\\/?s={search_term_string}\"},\"query-input\":{\"@type\":\"PropertyValueSpecification\",\"valueRequired\":true,\"valueName\":\"search_term_string\"}}],\"inLanguage\":\"tr\"},{\"@type\":\"Organization\",\"@id\":\"https:\\\/\\\/mobcash.betandyou.info\\\/tr\\\/#organization\",\"name\":\"Mobcash Betandyou Info\",\"url\":\"https:\\\/\\\/mobcash.betandyou.info\\\/tr\\\/\",\"logo\":{\"@type\":\"ImageObject\",\"inLanguage\":\"tr\",\"@id\":\"https:\\\/\\\/mobcash.betandyou.info\\\/tr\\\/#\\\/schema\\\/logo\\\/image\\\/\",\"url\":\"https:\\\/\\\/mobcash.betandyou.info\\\/wp-content\\\/uploads\\\/sites\\\/3\\\/2026\\\/03\\\/mc-logo-branding.png\",\"contentUrl\":\"https:\\\/\\\/mobcash.betandyou.info\\\/wp-content\\\/uploads\\\/sites\\\/3\\\/2026\\\/03\\\/mc-logo-branding.png\",\"width\":211,\"height\":41,\"caption\":\"Mobcash Betandyou Info\"},\"image\":{\"@id\":\"https:\\\/\\\/mobcash.betandyou.info\\\/tr\\\/#\\\/schema\\\/logo\\\/image\\\/\"}}]}<\/script>\n<!-- \/ Yoast SEO plugin. -->","yoast_head_json":{"title":"HAKKIMIZDA - Mobcash Betandyou Info","robots":{"index":"index","follow":"follow","max-snippet":"max-snippet:-1","max-image-preview":"max-image-preview:large","max-video-preview":"max-video-preview:-1"},"canonical":"https:\/\/mobcash.betandyou.info\/tr\/hakkimizda\/","og_locale":"tr_TR","og_type":"article","og_title":"HAKKIMIZDA - Mobcash Betandyou Info","og_description":"hakkimizda Bahis D\u00fcnyas\u0131ndaki G\u00fcvenilir Orta\u011f\u0131n\u0131z Bir Mobcash temsilcisi olarak kendi kazanc\u0131n\u0131z\u0131 elde edebilmenize olanak sa\u011flayan BetAndYou&#8217;ya ho\u015f geldiniz. 2010&#8217;daki kurulu\u015fumuzdan bu yana k\u00fcresel olarak geli\u015fmekte ve say\u0131s\u0131z ki\u015finin spor bahis end\u00fcstrisinde finansal destekleyici olabilmesine olanak sa\u011flamaktay\u0131z. Platformumuz siz ve m\u00fc\u015fterileriniz i\u00e7in kusursuz bir i\u015flem deneyimi sunarak dengeli ve g\u00fcvenilir bir gelir kayna\u011f\u0131 sa\u011flar. Daha fazla [&hellip;]","og_url":"https:\/\/mobcash.betandyou.info\/tr\/hakkimizda\/","og_site_name":"Mobcash Betandyou Info","article_modified_time":"2025-05-16T09:59:56+00:00","twitter_card":"summary_large_image","twitter_misc":{"Tahmini okuma s\u00fcresi":"1 dakika"},"schema":{"@context":"https:\/\/schema.org","@graph":[{"@type":"WebPage","@id":"https:\/\/mobcash.betandyou.info\/tr\/hakkimizda\/","url":"https:\/\/mobcash.betandyou.info\/tr\/hakkimizda\/","name":"HAKKIMIZDA - Mobcash Betandyou Info","isPartOf":{"@id":"https:\/\/mobcash.betandyou.info\/tr\/#website"},"datePublished":"2024-08-16T11:47:58+00:00","dateModified":"2025-05-16T09:59:56+00:00","breadcrumb":{"@id":"https:\/\/mobcash.betandyou.info\/tr\/hakkimizda\/#breadcrumb"},"inLanguage":"tr","potentialAction":[{"@type":"ReadAction","target":["https:\/\/mobcash.betandyou.info\/tr\/hakkimizda\/"]}]},{"@type":"BreadcrumbList","@id":"https:\/\/mobcash.betandyou.info\/tr\/hakkimizda\/#breadcrumb","itemListElement":[{"@type":"ListItem","position":1,"name":"Home","item":"https:\/\/mobcash.betandyou.info\/tr\/"},{"@type":"ListItem","position":2,"name":"HAKKIMIZDA"}]},{"@type":"WebSite","@id":"https:\/\/mobcash.betandyou.info\/tr\/#website","url":"https:\/\/mobcash.betandyou.info\/tr\/","name":"Mobcash Betandyou Info","description":"","publisher":{"@id":"https:\/\/mobcash.betandyou.info\/tr\/#organization"},"potentialAction":[{"@type":"SearchAction","target":{"@type":"EntryPoint","urlTemplate":"https:\/\/mobcash.betandyou.info\/tr\/?s={search_term_string}"},"query-input":{"@type":"PropertyValueSpecification","valueRequired":true,"valueName":"search_term_string"}}],"inLanguage":"tr"},{"@type":"Organization","@id":"https:\/\/mobcash.betandyou.info\/tr\/#organization","name":"Mobcash Betandyou Info","url":"https:\/\/mobcash.betandyou.info\/tr\/","logo":{"@type":"ImageObject","inLanguage":"tr","@id":"https:\/\/mobcash.betandyou.info\/tr\/#\/schema\/logo\/image\/","url":"https:\/\/mobcash.betandyou.info\/wp-content\/uploads\/sites\/3\/2026\/03\/mc-logo-branding.png","contentUrl":"https:\/\/mobcash.betandyou.info\/wp-content\/uploads\/sites\/3\/2026\/03\/mc-logo-branding.png","width":211,"height":41,"caption":"Mobcash Betandyou Info"},"image":{"@id":"https:\/\/mobcash.betandyou.info\/tr\/#\/schema\/logo\/image\/"}}]}},"acf":[],"_links":{"self":[{"href":"https:\/\/mobcash.betandyou.info\/tr\/wp-json\/wp\/v2\/pages\/250","targetHints":{"allow":["GET"]}}],"collection":[{"href":"https:\/\/mobcash.betandyou.info\/tr\/wp-json\/wp\/v2\/pages"}],"about":[{"href":"https:\/\/mobcash.betandyou.info\/tr\/wp-json\/wp\/v2\/types\/page"}],"author":[{"embeddable":true,"href":"https:\/\/mobcash.betandyou.info\/tr\/wp-json\/wp\/v2\/users\/1"}],"replies":[{"embeddable":true,"href":"https:\/\/mobcash.betandyou.info\/tr\/wp-json\/wp\/v2\/comments?post=250"}],"version-history":[{"count":15,"href":"https:\/\/mobcash.betandyou.info\/tr\/wp-json\/wp\/v2\/pages\/250\/revisions"}],"predecessor-version":[{"id":2214,"href":"https:\/\/mobcash.betandyou.info\/tr\/wp-json\/wp\/v2\/pages\/250\/revisions\/2214"}],"wp:attachment":[{"href":"https:\/\/mobcash.betandyou.info\/tr\/wp-json\/wp\/v2\/media?parent=250"}],"curies":[{"name":"wp","href":"https:\/\/api.w.org\/{rel}","templated":true}]}}