{"id":237,"date":"2024-08-15T15:45:41","date_gmt":"2024-08-15T15:45:41","guid":{"rendered":"https:\/\/info.mobcashbetandyouafrica.com\/ana-sayfa\/"},"modified":"2025-10-13T07:43:25","modified_gmt":"2025-10-13T07:43:25","slug":"ana-sayfa","status":"publish","type":"page","link":"https:\/\/mobcash.betandyou.info\/tr\/","title":{"rendered":"Ana Sayfa"},"content":{"rendered":"<h1>\u00c7EVR\u0130M \u0130\u00c7\u0130 KAZAN\u00c7 \u0130\u00c7\u0130N <span style=\"color: #ffbc00;\">BETANDYOU TEMS\u0130LC\u0130S\u0130 OLUN<\/span><\/h1>\n<p>Yolculu\u011funuza Bug\u00fcn Ba\u015flay\u0131n!<\/p>\n<p><a class=\"button button--yellow custom-btn btn-7\" href=\"#become\">Temsilci olun<\/a><\/p>\n<p class=\"font\">Betandyou ile \u00e7evrim i\u00e7i kazan\u00e7 sa\u011flamak i\u00e7in f\u0131rsatlar d\u00fcnyas\u0131n\u0131 ke\u015ffedin. Temsilci olarak kazan\u0131n, b\u00fcy\u00fcy\u00fcn ve ba\u015far\u0131l\u0131 olun. \u0130ster oyuncu i\u015flemleriyle ilgilenin, ister kendi a\u011f\u0131n\u0131z\u0131 kurun; platformumuz finansal ba\u011f\u0131ms\u0131zl\u0131\u011f\u0131n\u0131za giden yolda ihtiyac\u0131n\u0131z olan ara\u00e7lar\u0131 ve deste\u011fi sa\u011flar.<\/p>\n","protected":false},"excerpt":{"rendered":"<p>\u00c7EVR\u0130M \u0130\u00c7\u0130 KAZAN\u00c7 \u0130\u00c7\u0130N BETANDYOU TEMS\u0130LC\u0130S\u0130 OLUN Yolculu\u011funuza Bug\u00fcn Ba\u015flay\u0131n! Temsilci olun Betandyou ile \u00e7evrim i\u00e7i kazan\u00e7 sa\u011flamak i\u00e7in f\u0131rsatlar d\u00fcnyas\u0131n\u0131 ke\u015ffedin. Temsilci olarak kazan\u0131n, b\u00fcy\u00fcy\u00fcn ve ba\u015far\u0131l\u0131 olun. \u0130ster oyuncu i\u015flemleriyle ilgilenin, ister kendi a\u011f\u0131n\u0131z\u0131 kurun; platformumuz finansal ba\u011f\u0131ms\u0131zl\u0131\u011f\u0131n\u0131za giden yolda ihtiyac\u0131n\u0131z olan ara\u00e7lar\u0131 ve deste\u011fi sa\u011flar.<\/p>\n","protected":false},"author":1,"featured_media":0,"parent":0,"menu_order":0,"comment_status":"closed","ping_status":"closed","template":"","meta":{"_acf_changed":false,"footnotes":""},"class_list":["post-237","page","type-page","status-publish","hentry"],"yoast_head":"<!-- This site is optimized with the Yoast SEO plugin v27.3 - https:\/\/yoast.com\/product\/yoast-seo-wordpress\/ -->\n<title>Ana Sayfa - Mobcash Betandyou Info<\/title>\n<meta name=\"robots\" content=\"index, follow, max-snippet:-1, max-image-preview:large, max-video-preview:-1\" \/>\n<link rel=\"canonical\" href=\"https:\/\/mobcash.betandyou.info\/tr\/\" \/>\n<meta property=\"og:locale\" content=\"tr_TR\" \/>\n<meta property=\"og:type\" content=\"article\" \/>\n<meta property=\"og:title\" content=\"Ana Sayfa - Mobcash Betandyou Info\" \/>\n<meta property=\"og:description\" content=\"\u00c7EVR\u0130M \u0130\u00c7\u0130 KAZAN\u00c7 \u0130\u00c7\u0130N BETANDYOU TEMS\u0130LC\u0130S\u0130 OLUN Yolculu\u011funuza Bug\u00fcn Ba\u015flay\u0131n! Temsilci olun Betandyou ile \u00e7evrim i\u00e7i kazan\u00e7 sa\u011flamak i\u00e7in f\u0131rsatlar d\u00fcnyas\u0131n\u0131 ke\u015ffedin. Temsilci olarak kazan\u0131n, b\u00fcy\u00fcy\u00fcn ve ba\u015far\u0131l\u0131 olun. \u0130ster oyuncu i\u015flemleriyle ilgilenin, ister kendi a\u011f\u0131n\u0131z\u0131 kurun; platformumuz finansal ba\u011f\u0131ms\u0131zl\u0131\u011f\u0131n\u0131za giden yolda ihtiyac\u0131n\u0131z olan ara\u00e7lar\u0131 ve deste\u011fi sa\u011flar.\" \/>\n<meta property=\"og:url\" content=\"https:\/\/mobcash.betandyou.info\/tr\/\" \/>\n<meta property=\"og:site_name\" content=\"Mobcash Betandyou Info\" \/>\n<meta property=\"article:modified_time\" content=\"2025-10-13T07:43:25+00:00\" \/>\n<meta name=\"twitter:card\" content=\"summary_large_image\" \/>\n<meta name=\"twitter:label1\" content=\"Tahmini okuma s\u00fcresi\" \/>\n\t<meta name=\"twitter:data1\" content=\"1 dakika\" \/>\n<script type=\"application\/ld+json\" class=\"yoast-schema-graph\">{\"@context\":\"https:\\\/\\\/schema.org\",\"@graph\":[{\"@type\":\"WebPage\",\"@id\":\"https:\\\/\\\/mobcash.betandyou.info\\\/tr\\\/\",\"url\":\"https:\\\/\\\/mobcash.betandyou.info\\\/tr\\\/\",\"name\":\"Ana Sayfa - Mobcash Betandyou Info\",\"isPartOf\":{\"@id\":\"https:\\\/\\\/mobcash.betandyou.info\\\/tr\\\/#website\"},\"datePublished\":\"2024-08-15T15:45:41+00:00\",\"dateModified\":\"2025-10-13T07:43:25+00:00\",\"breadcrumb\":{\"@id\":\"https:\\\/\\\/mobcash.betandyou.info\\\/tr\\\/#breadcrumb\"},\"inLanguage\":\"tr\",\"potentialAction\":[{\"@type\":\"ReadAction\",\"target\":[\"https:\\\/\\\/mobcash.betandyou.info\\\/tr\\\/\"]}]},{\"@type\":\"BreadcrumbList\",\"@id\":\"https:\\\/\\\/mobcash.betandyou.info\\\/tr\\\/#breadcrumb\",\"itemListElement\":[{\"@type\":\"ListItem\",\"position\":1,\"name\":\"Home\",\"item\":\"https:\\\/\\\/mobcash.betandyou.info\\\/tr\\\/\"},{\"@type\":\"ListItem\",\"position\":2,\"name\":\"Ana Sayfa\"}]},{\"@type\":\"WebSite\",\"@id\":\"https:\\\/\\\/mobcash.betandyou.info\\\/tr\\\/#website\",\"url\":\"https:\\\/\\\/mobcash.betandyou.info\\\/tr\\\/\",\"name\":\"Mobcash Betandyou Info\",\"description\":\"\",\"publisher\":{\"@id\":\"https:\\\/\\\/mobcash.betandyou.info\\\/tr\\\/#organization\"},\"potentialAction\":[{\"@type\":\"SearchAction\",\"target\":{\"@type\":\"EntryPoint\",\"urlTemplate\":\"https:\\\/\\\/mobcash.betandyou.info\\\/tr\\\/?s={search_term_string}\"},\"query-input\":{\"@type\":\"PropertyValueSpecification\",\"valueRequired\":true,\"valueName\":\"search_term_string\"}}],\"inLanguage\":\"tr\"},{\"@type\":\"Organization\",\"@id\":\"https:\\\/\\\/mobcash.betandyou.info\\\/tr\\\/#organization\",\"name\":\"Mobcash Betandyou Info\",\"url\":\"https:\\\/\\\/mobcash.betandyou.info\\\/tr\\\/\",\"logo\":{\"@type\":\"ImageObject\",\"inLanguage\":\"tr\",\"@id\":\"https:\\\/\\\/mobcash.betandyou.info\\\/tr\\\/#\\\/schema\\\/logo\\\/image\\\/\",\"url\":\"https:\\\/\\\/mobcash.betandyou.info\\\/wp-content\\\/uploads\\\/sites\\\/3\\\/2026\\\/03\\\/mc-logo-branding.png\",\"contentUrl\":\"https:\\\/\\\/mobcash.betandyou.info\\\/wp-content\\\/uploads\\\/sites\\\/3\\\/2026\\\/03\\\/mc-logo-branding.png\",\"width\":211,\"height\":41,\"caption\":\"Mobcash Betandyou Info\"},\"image\":{\"@id\":\"https:\\\/\\\/mobcash.betandyou.info\\\/tr\\\/#\\\/schema\\\/logo\\\/image\\\/\"}}]}<\/script>\n<!-- \/ Yoast SEO plugin. -->","yoast_head_json":{"title":"Ana Sayfa - Mobcash Betandyou Info","robots":{"index":"index","follow":"follow","max-snippet":"max-snippet:-1","max-image-preview":"max-image-preview:large","max-video-preview":"max-video-preview:-1"},"canonical":"https:\/\/mobcash.betandyou.info\/tr\/","og_locale":"tr_TR","og_type":"article","og_title":"Ana Sayfa - Mobcash Betandyou Info","og_description":"\u00c7EVR\u0130M \u0130\u00c7\u0130 KAZAN\u00c7 \u0130\u00c7\u0130N BETANDYOU TEMS\u0130LC\u0130S\u0130 OLUN Yolculu\u011funuza Bug\u00fcn Ba\u015flay\u0131n! Temsilci olun Betandyou ile \u00e7evrim i\u00e7i kazan\u00e7 sa\u011flamak i\u00e7in f\u0131rsatlar d\u00fcnyas\u0131n\u0131 ke\u015ffedin. Temsilci olarak kazan\u0131n, b\u00fcy\u00fcy\u00fcn ve ba\u015far\u0131l\u0131 olun. \u0130ster oyuncu i\u015flemleriyle ilgilenin, ister kendi a\u011f\u0131n\u0131z\u0131 kurun; platformumuz finansal ba\u011f\u0131ms\u0131zl\u0131\u011f\u0131n\u0131za giden yolda ihtiyac\u0131n\u0131z olan ara\u00e7lar\u0131 ve deste\u011fi sa\u011flar.","og_url":"https:\/\/mobcash.betandyou.info\/tr\/","og_site_name":"Mobcash Betandyou Info","article_modified_time":"2025-10-13T07:43:25+00:00","twitter_card":"summary_large_image","twitter_misc":{"Tahmini okuma s\u00fcresi":"1 dakika"},"schema":{"@context":"https:\/\/schema.org","@graph":[{"@type":"WebPage","@id":"https:\/\/mobcash.betandyou.info\/tr\/","url":"https:\/\/mobcash.betandyou.info\/tr\/","name":"Ana Sayfa - Mobcash Betandyou Info","isPartOf":{"@id":"https:\/\/mobcash.betandyou.info\/tr\/#website"},"datePublished":"2024-08-15T15:45:41+00:00","dateModified":"2025-10-13T07:43:25+00:00","breadcrumb":{"@id":"https:\/\/mobcash.betandyou.info\/tr\/#breadcrumb"},"inLanguage":"tr","potentialAction":[{"@type":"ReadAction","target":["https:\/\/mobcash.betandyou.info\/tr\/"]}]},{"@type":"BreadcrumbList","@id":"https:\/\/mobcash.betandyou.info\/tr\/#breadcrumb","itemListElement":[{"@type":"ListItem","position":1,"name":"Home","item":"https:\/\/mobcash.betandyou.info\/tr\/"},{"@type":"ListItem","position":2,"name":"Ana Sayfa"}]},{"@type":"WebSite","@id":"https:\/\/mobcash.betandyou.info\/tr\/#website","url":"https:\/\/mobcash.betandyou.info\/tr\/","name":"Mobcash Betandyou Info","description":"","publisher":{"@id":"https:\/\/mobcash.betandyou.info\/tr\/#organization"},"potentialAction":[{"@type":"SearchAction","target":{"@type":"EntryPoint","urlTemplate":"https:\/\/mobcash.betandyou.info\/tr\/?s={search_term_string}"},"query-input":{"@type":"PropertyValueSpecification","valueRequired":true,"valueName":"search_term_string"}}],"inLanguage":"tr"},{"@type":"Organization","@id":"https:\/\/mobcash.betandyou.info\/tr\/#organization","name":"Mobcash Betandyou Info","url":"https:\/\/mobcash.betandyou.info\/tr\/","logo":{"@type":"ImageObject","inLanguage":"tr","@id":"https:\/\/mobcash.betandyou.info\/tr\/#\/schema\/logo\/image\/","url":"https:\/\/mobcash.betandyou.info\/wp-content\/uploads\/sites\/3\/2026\/03\/mc-logo-branding.png","contentUrl":"https:\/\/mobcash.betandyou.info\/wp-content\/uploads\/sites\/3\/2026\/03\/mc-logo-branding.png","width":211,"height":41,"caption":"Mobcash Betandyou Info"},"image":{"@id":"https:\/\/mobcash.betandyou.info\/tr\/#\/schema\/logo\/image\/"}}]}},"acf":[],"_links":{"self":[{"href":"https:\/\/mobcash.betandyou.info\/tr\/wp-json\/wp\/v2\/pages\/237","targetHints":{"allow":["GET"]}}],"collection":[{"href":"https:\/\/mobcash.betandyou.info\/tr\/wp-json\/wp\/v2\/pages"}],"about":[{"href":"https:\/\/mobcash.betandyou.info\/tr\/wp-json\/wp\/v2\/types\/page"}],"author":[{"embeddable":true,"href":"https:\/\/mobcash.betandyou.info\/tr\/wp-json\/wp\/v2\/users\/1"}],"replies":[{"embeddable":true,"href":"https:\/\/mobcash.betandyou.info\/tr\/wp-json\/wp\/v2\/comments?post=237"}],"version-history":[{"count":11,"href":"https:\/\/mobcash.betandyou.info\/tr\/wp-json\/wp\/v2\/pages\/237\/revisions"}],"predecessor-version":[{"id":2768,"href":"https:\/\/mobcash.betandyou.info\/tr\/wp-json\/wp\/v2\/pages\/237\/revisions\/2768"}],"wp:attachment":[{"href":"https:\/\/mobcash.betandyou.info\/tr\/wp-json\/wp\/v2\/media?parent=237"}],"curies":[{"name":"wp","href":"https:\/\/api.w.org\/{rel}","templated":true}]}}