{"id":485,"date":"2024-08-16T11:47:58","date_gmt":"2024-08-16T11:47:58","guid":{"rendered":"https:\/\/info.mobcashbetandyouafrica.com\/about-us\/"},"modified":"2025-05-16T09:55:57","modified_gmt":"2025-05-16T09:55:57","slug":"about-us","status":"publish","type":"page","link":"https:\/\/mobcash.betandyou.info\/fr\/about-us\/","title":{"rendered":"\u00c0 propos de nous"},"content":{"rendered":"<h1>\u00c0 propos de nous<\/h1>\n<p class=\"font\">Votre partenaire de confiance dans le monde des paris<\/p>\n<p class=\"font\">Bienvenue sur BetAndYou, la passerelle pour lancer votre propre entreprise rentable en tant qu&rsquo;agent Mobcash. Depuis notre cr\u00e9ation en 2010, nous nous sommes d\u00e9velopp\u00e9s dans le monde entier, permettant \u00e0 d&rsquo;innombrables personnes d&rsquo;op\u00e9rer en tant que m\u00e9diateurs financiers au sein de l&rsquo;industrie des paris sportifs. Notre plateforme assure une exp\u00e9rience de transaction transparente pour vous et vos clients, fournissant une source de revenus stable et fiable.<\/p>\n<p><a class=\"button button--yellow custom-btn btn-7\" href=\"\/fr\/?page_id=470\">En savoir plus<\/a><\/p>\n","protected":false},"excerpt":{"rendered":"<p>\u00c0 propos de nous Votre partenaire de confiance dans le monde des paris Bienvenue sur BetAndYou, la passerelle pour lancer votre propre entreprise rentable en tant qu&rsquo;agent Mobcash. Depuis notre cr\u00e9ation en 2010, nous nous sommes d\u00e9velopp\u00e9s dans le monde entier, permettant \u00e0 d&rsquo;innombrables personnes d&rsquo;op\u00e9rer en tant que m\u00e9diateurs financiers au sein de l&rsquo;industrie [&hellip;]<\/p>\n","protected":false},"author":1,"featured_media":0,"parent":0,"menu_order":0,"comment_status":"closed","ping_status":"closed","template":"page-about-us.php","meta":{"_acf_changed":false,"footnotes":""},"class_list":["post-485","page","type-page","status-publish","hentry"],"yoast_head":"<!-- This site is optimized with the Yoast SEO plugin v27.3 - https:\/\/yoast.com\/product\/yoast-seo-wordpress\/ -->\n<title>\u00c0 propos de nous - Mobcash Betandyou Info<\/title>\n<meta name=\"robots\" content=\"index, follow, max-snippet:-1, max-image-preview:large, max-video-preview:-1\" \/>\n<link rel=\"canonical\" href=\"https:\/\/mobcash.betandyou.info\/fr\/about-us\/\" \/>\n<meta property=\"og:locale\" content=\"fr_FR\" \/>\n<meta property=\"og:type\" content=\"article\" \/>\n<meta property=\"og:title\" content=\"\u00c0 propos de nous - Mobcash Betandyou Info\" \/>\n<meta property=\"og:description\" content=\"\u00c0 propos de nous Votre partenaire de confiance dans le monde des paris Bienvenue sur BetAndYou, la passerelle pour lancer votre propre entreprise rentable en tant qu&rsquo;agent Mobcash. Depuis notre cr\u00e9ation en 2010, nous nous sommes d\u00e9velopp\u00e9s dans le monde entier, permettant \u00e0 d&rsquo;innombrables personnes d&rsquo;op\u00e9rer en tant que m\u00e9diateurs financiers au sein de l&rsquo;industrie [&hellip;]\" \/>\n<meta property=\"og:url\" content=\"https:\/\/mobcash.betandyou.info\/fr\/about-us\/\" \/>\n<meta property=\"og:site_name\" content=\"Mobcash Betandyou Info\" \/>\n<meta property=\"article:modified_time\" content=\"2025-05-16T09:55:57+00:00\" \/>\n<meta name=\"twitter:card\" content=\"summary_large_image\" \/>\n<meta name=\"twitter:label1\" content=\"Dur\u00e9e de lecture estim\u00e9e\" \/>\n\t<meta name=\"twitter:data1\" content=\"1 minute\" \/>\n<script type=\"application\/ld+json\" class=\"yoast-schema-graph\">{\"@context\":\"https:\\\/\\\/schema.org\",\"@graph\":[{\"@type\":\"WebPage\",\"@id\":\"https:\\\/\\\/mobcash.betandyou.info\\\/fr\\\/about-us\\\/\",\"url\":\"https:\\\/\\\/mobcash.betandyou.info\\\/fr\\\/about-us\\\/\",\"name\":\"\u00c0 propos de nous - Mobcash Betandyou Info\",\"isPartOf\":{\"@id\":\"https:\\\/\\\/mobcash.betandyou.info\\\/fr\\\/#website\"},\"datePublished\":\"2024-08-16T11:47:58+00:00\",\"dateModified\":\"2025-05-16T09:55:57+00:00\",\"breadcrumb\":{\"@id\":\"https:\\\/\\\/mobcash.betandyou.info\\\/fr\\\/about-us\\\/#breadcrumb\"},\"inLanguage\":\"fr-FR\",\"potentialAction\":[{\"@type\":\"ReadAction\",\"target\":[\"https:\\\/\\\/mobcash.betandyou.info\\\/fr\\\/about-us\\\/\"]}]},{\"@type\":\"BreadcrumbList\",\"@id\":\"https:\\\/\\\/mobcash.betandyou.info\\\/fr\\\/about-us\\\/#breadcrumb\",\"itemListElement\":[{\"@type\":\"ListItem\",\"position\":1,\"name\":\"Home\",\"item\":\"https:\\\/\\\/mobcash.betandyou.info\\\/fr\\\/\"},{\"@type\":\"ListItem\",\"position\":2,\"name\":\"\u00c0 propos de nous\"}]},{\"@type\":\"WebSite\",\"@id\":\"https:\\\/\\\/mobcash.betandyou.info\\\/fr\\\/#website\",\"url\":\"https:\\\/\\\/mobcash.betandyou.info\\\/fr\\\/\",\"name\":\"Mobcash Betandyou Info\",\"description\":\"\",\"publisher\":{\"@id\":\"https:\\\/\\\/mobcash.betandyou.info\\\/fr\\\/#organization\"},\"potentialAction\":[{\"@type\":\"SearchAction\",\"target\":{\"@type\":\"EntryPoint\",\"urlTemplate\":\"https:\\\/\\\/mobcash.betandyou.info\\\/fr\\\/?s={search_term_string}\"},\"query-input\":{\"@type\":\"PropertyValueSpecification\",\"valueRequired\":true,\"valueName\":\"search_term_string\"}}],\"inLanguage\":\"fr-FR\"},{\"@type\":\"Organization\",\"@id\":\"https:\\\/\\\/mobcash.betandyou.info\\\/fr\\\/#organization\",\"name\":\"Mobcash Betandyou Info\",\"url\":\"https:\\\/\\\/mobcash.betandyou.info\\\/fr\\\/\",\"logo\":{\"@type\":\"ImageObject\",\"inLanguage\":\"fr-FR\",\"@id\":\"https:\\\/\\\/mobcash.betandyou.info\\\/fr\\\/#\\\/schema\\\/logo\\\/image\\\/\",\"url\":\"https:\\\/\\\/mobcash.betandyou.info\\\/wp-content\\\/uploads\\\/sites\\\/3\\\/2026\\\/03\\\/mc-logo-branding.png\",\"contentUrl\":\"https:\\\/\\\/mobcash.betandyou.info\\\/wp-content\\\/uploads\\\/sites\\\/3\\\/2026\\\/03\\\/mc-logo-branding.png\",\"width\":211,\"height\":41,\"caption\":\"Mobcash Betandyou Info\"},\"image\":{\"@id\":\"https:\\\/\\\/mobcash.betandyou.info\\\/fr\\\/#\\\/schema\\\/logo\\\/image\\\/\"}}]}<\/script>\n<!-- \/ Yoast SEO plugin. -->","yoast_head_json":{"title":"\u00c0 propos de nous - Mobcash Betandyou Info","robots":{"index":"index","follow":"follow","max-snippet":"max-snippet:-1","max-image-preview":"max-image-preview:large","max-video-preview":"max-video-preview:-1"},"canonical":"https:\/\/mobcash.betandyou.info\/fr\/about-us\/","og_locale":"fr_FR","og_type":"article","og_title":"\u00c0 propos de nous - Mobcash Betandyou Info","og_description":"\u00c0 propos de nous Votre partenaire de confiance dans le monde des paris Bienvenue sur BetAndYou, la passerelle pour lancer votre propre entreprise rentable en tant qu&rsquo;agent Mobcash. Depuis notre cr\u00e9ation en 2010, nous nous sommes d\u00e9velopp\u00e9s dans le monde entier, permettant \u00e0 d&rsquo;innombrables personnes d&rsquo;op\u00e9rer en tant que m\u00e9diateurs financiers au sein de l&rsquo;industrie [&hellip;]","og_url":"https:\/\/mobcash.betandyou.info\/fr\/about-us\/","og_site_name":"Mobcash Betandyou Info","article_modified_time":"2025-05-16T09:55:57+00:00","twitter_card":"summary_large_image","twitter_misc":{"Dur\u00e9e de lecture estim\u00e9e":"1 minute"},"schema":{"@context":"https:\/\/schema.org","@graph":[{"@type":"WebPage","@id":"https:\/\/mobcash.betandyou.info\/fr\/about-us\/","url":"https:\/\/mobcash.betandyou.info\/fr\/about-us\/","name":"\u00c0 propos de nous - Mobcash Betandyou Info","isPartOf":{"@id":"https:\/\/mobcash.betandyou.info\/fr\/#website"},"datePublished":"2024-08-16T11:47:58+00:00","dateModified":"2025-05-16T09:55:57+00:00","breadcrumb":{"@id":"https:\/\/mobcash.betandyou.info\/fr\/about-us\/#breadcrumb"},"inLanguage":"fr-FR","potentialAction":[{"@type":"ReadAction","target":["https:\/\/mobcash.betandyou.info\/fr\/about-us\/"]}]},{"@type":"BreadcrumbList","@id":"https:\/\/mobcash.betandyou.info\/fr\/about-us\/#breadcrumb","itemListElement":[{"@type":"ListItem","position":1,"name":"Home","item":"https:\/\/mobcash.betandyou.info\/fr\/"},{"@type":"ListItem","position":2,"name":"\u00c0 propos de nous"}]},{"@type":"WebSite","@id":"https:\/\/mobcash.betandyou.info\/fr\/#website","url":"https:\/\/mobcash.betandyou.info\/fr\/","name":"Mobcash Betandyou Info","description":"","publisher":{"@id":"https:\/\/mobcash.betandyou.info\/fr\/#organization"},"potentialAction":[{"@type":"SearchAction","target":{"@type":"EntryPoint","urlTemplate":"https:\/\/mobcash.betandyou.info\/fr\/?s={search_term_string}"},"query-input":{"@type":"PropertyValueSpecification","valueRequired":true,"valueName":"search_term_string"}}],"inLanguage":"fr-FR"},{"@type":"Organization","@id":"https:\/\/mobcash.betandyou.info\/fr\/#organization","name":"Mobcash Betandyou Info","url":"https:\/\/mobcash.betandyou.info\/fr\/","logo":{"@type":"ImageObject","inLanguage":"fr-FR","@id":"https:\/\/mobcash.betandyou.info\/fr\/#\/schema\/logo\/image\/","url":"https:\/\/mobcash.betandyou.info\/wp-content\/uploads\/sites\/3\/2026\/03\/mc-logo-branding.png","contentUrl":"https:\/\/mobcash.betandyou.info\/wp-content\/uploads\/sites\/3\/2026\/03\/mc-logo-branding.png","width":211,"height":41,"caption":"Mobcash Betandyou Info"},"image":{"@id":"https:\/\/mobcash.betandyou.info\/fr\/#\/schema\/logo\/image\/"}}]}},"acf":[],"_links":{"self":[{"href":"https:\/\/mobcash.betandyou.info\/fr\/wp-json\/wp\/v2\/pages\/485","targetHints":{"allow":["GET"]}}],"collection":[{"href":"https:\/\/mobcash.betandyou.info\/fr\/wp-json\/wp\/v2\/pages"}],"about":[{"href":"https:\/\/mobcash.betandyou.info\/fr\/wp-json\/wp\/v2\/types\/page"}],"author":[{"embeddable":true,"href":"https:\/\/mobcash.betandyou.info\/fr\/wp-json\/wp\/v2\/users\/1"}],"replies":[{"embeddable":true,"href":"https:\/\/mobcash.betandyou.info\/fr\/wp-json\/wp\/v2\/comments?post=485"}],"version-history":[{"count":11,"href":"https:\/\/mobcash.betandyou.info\/fr\/wp-json\/wp\/v2\/pages\/485\/revisions"}],"predecessor-version":[{"id":2211,"href":"https:\/\/mobcash.betandyou.info\/fr\/wp-json\/wp\/v2\/pages\/485\/revisions\/2211"}],"wp:attachment":[{"href":"https:\/\/mobcash.betandyou.info\/fr\/wp-json\/wp\/v2\/media?parent=485"}],"curies":[{"name":"wp","href":"https:\/\/api.w.org\/{rel}","templated":true}]}}