{"id":481,"date":"2024-08-16T11:47:58","date_gmt":"2024-08-16T11:47:58","guid":{"rendered":"https:\/\/info.mobcashbetandyouafrica.com\/about-us\/"},"modified":"2025-05-16T07:58:07","modified_gmt":"2025-05-16T07:58:07","slug":"about-us","status":"publish","type":"page","link":"https:\/\/mobcash.betandyou.info\/az\/about-us\/","title":{"rendered":"Bi\u0307zi\u0307m haqqimizda"},"content":{"rendered":"<h1>bi\u0307zi\u0307m haqqimizda<\/h1>\n<p class=\"font\">Sizin m\u0259rc d\u00fcnyas\u0131nda etibarl\u0131 t\u0259r\u0259fda\u015f\u0131n\u0131z<\/p>\n<p class=\"font\">BetAndYou-a xo\u015f g\u0259lmisiniz, Mobcash agenti kimi \u00f6z g\u0259lirli biznesinizi a\u00e7a bil\u0259c\u0259yiniz bir yerdir. 2010-cu ild\u0259 quruldu\u011fumuzdan b\u0259ri biz b\u00fct\u00fcn d\u00fcnyada \u0259m\u0259liyyatlar\u0131m\u0131z\u0131 geni\u015fl\u0259ndirmi\u015fik, says\u0131z-hesabs\u0131z insanlara idman m\u0259rcl\u0259ri s\u0259nayesind\u0259 maliyy\u0259 vasit\u0259\u00e7il\u0259ri kimi i\u015fl\u0259m\u0259k imkan\u0131 t\u0259qdim edirik. Platformam\u0131z sabit v\u0259 etibarl\u0131 g\u0259lir m\u0259nb\u0259yi t\u0259min ed\u0259r\u0259k, sizin v\u0259 m\u00fc\u015ft\u0259ril\u0259riniz \u00fc\u00e7\u00fcn problemsiz \u0259m\u0259liyyatlar h\u0259yata ke\u00e7irm\u0259y\u0259 imkan verir.<\/p>\n<p><a class=\"button button--yellow custom-btn btn-7\" href=\"\/az\/?page_id=468\">Daha \u00e7ox m\u0259lumat<\/a><\/p>\n","protected":false},"excerpt":{"rendered":"<p>bi\u0307zi\u0307m haqqimizda Sizin m\u0259rc d\u00fcnyas\u0131nda etibarl\u0131 t\u0259r\u0259fda\u015f\u0131n\u0131z BetAndYou-a xo\u015f g\u0259lmisiniz, Mobcash agenti kimi \u00f6z g\u0259lirli biznesinizi a\u00e7a bil\u0259c\u0259yiniz bir yerdir. 2010-cu ild\u0259 quruldu\u011fumuzdan b\u0259ri biz b\u00fct\u00fcn d\u00fcnyada \u0259m\u0259liyyatlar\u0131m\u0131z\u0131 geni\u015fl\u0259ndirmi\u015fik, says\u0131z-hesabs\u0131z insanlara idman m\u0259rcl\u0259ri s\u0259nayesind\u0259 maliyy\u0259 vasit\u0259\u00e7il\u0259ri kimi i\u015fl\u0259m\u0259k imkan\u0131 t\u0259qdim edirik. Platformam\u0131z sabit v\u0259 etibarl\u0131 g\u0259lir m\u0259nb\u0259yi t\u0259min ed\u0259r\u0259k, sizin v\u0259 m\u00fc\u015ft\u0259ril\u0259riniz \u00fc\u00e7\u00fcn problemsiz \u0259m\u0259liyyatlar [&hellip;]<\/p>\n","protected":false},"author":1,"featured_media":0,"parent":0,"menu_order":0,"comment_status":"closed","ping_status":"closed","template":"page-about-us.php","meta":{"_acf_changed":false,"footnotes":""},"class_list":["post-481","page","type-page","status-publish","hentry"],"yoast_head":"<!-- This site is optimized with the Yoast SEO plugin v27.3 - https:\/\/yoast.com\/product\/yoast-seo-wordpress\/ -->\n<title>Bi\u0307zi\u0307m haqqimizda - Mobcash Betandyou Info<\/title>\n<meta name=\"robots\" content=\"index, follow, max-snippet:-1, max-image-preview:large, max-video-preview:-1\" \/>\n<link rel=\"canonical\" href=\"https:\/\/mobcash.betandyou.info\/az\/about-us\/\" \/>\n<meta property=\"og:locale\" content=\"az_AZ\" \/>\n<meta property=\"og:type\" content=\"article\" \/>\n<meta property=\"og:title\" content=\"Bi\u0307zi\u0307m haqqimizda - Mobcash Betandyou Info\" \/>\n<meta property=\"og:description\" content=\"bi\u0307zi\u0307m haqqimizda Sizin m\u0259rc d\u00fcnyas\u0131nda etibarl\u0131 t\u0259r\u0259fda\u015f\u0131n\u0131z BetAndYou-a xo\u015f g\u0259lmisiniz, Mobcash agenti kimi \u00f6z g\u0259lirli biznesinizi a\u00e7a bil\u0259c\u0259yiniz bir yerdir. 2010-cu ild\u0259 quruldu\u011fumuzdan b\u0259ri biz b\u00fct\u00fcn d\u00fcnyada \u0259m\u0259liyyatlar\u0131m\u0131z\u0131 geni\u015fl\u0259ndirmi\u015fik, says\u0131z-hesabs\u0131z insanlara idman m\u0259rcl\u0259ri s\u0259nayesind\u0259 maliyy\u0259 vasit\u0259\u00e7il\u0259ri kimi i\u015fl\u0259m\u0259k imkan\u0131 t\u0259qdim edirik. Platformam\u0131z sabit v\u0259 etibarl\u0131 g\u0259lir m\u0259nb\u0259yi t\u0259min ed\u0259r\u0259k, sizin v\u0259 m\u00fc\u015ft\u0259ril\u0259riniz \u00fc\u00e7\u00fcn problemsiz \u0259m\u0259liyyatlar [&hellip;]\" \/>\n<meta property=\"og:url\" content=\"https:\/\/mobcash.betandyou.info\/az\/about-us\/\" \/>\n<meta property=\"og:site_name\" content=\"Mobcash Betandyou Info\" \/>\n<meta property=\"article:modified_time\" content=\"2025-05-16T07:58:07+00:00\" \/>\n<meta name=\"twitter:card\" content=\"summary_large_image\" \/>\n<meta name=\"twitter:label1\" content=\"Est. reading time\" \/>\n\t<meta name=\"twitter:data1\" content=\"1 minute\" \/>\n<script type=\"application\/ld+json\" class=\"yoast-schema-graph\">{\"@context\":\"https:\\\/\\\/schema.org\",\"@graph\":[{\"@type\":\"WebPage\",\"@id\":\"https:\\\/\\\/mobcash.betandyou.info\\\/az\\\/about-us\\\/\",\"url\":\"https:\\\/\\\/mobcash.betandyou.info\\\/az\\\/about-us\\\/\",\"name\":\"Bi\u0307zi\u0307m haqqimizda - Mobcash Betandyou Info\",\"isPartOf\":{\"@id\":\"https:\\\/\\\/mobcash.betandyou.info\\\/az\\\/#website\"},\"datePublished\":\"2024-08-16T11:47:58+00:00\",\"dateModified\":\"2025-05-16T07:58:07+00:00\",\"breadcrumb\":{\"@id\":\"https:\\\/\\\/mobcash.betandyou.info\\\/az\\\/about-us\\\/#breadcrumb\"},\"inLanguage\":\"az\",\"potentialAction\":[{\"@type\":\"ReadAction\",\"target\":[\"https:\\\/\\\/mobcash.betandyou.info\\\/az\\\/about-us\\\/\"]}]},{\"@type\":\"BreadcrumbList\",\"@id\":\"https:\\\/\\\/mobcash.betandyou.info\\\/az\\\/about-us\\\/#breadcrumb\",\"itemListElement\":[{\"@type\":\"ListItem\",\"position\":1,\"name\":\"Home\",\"item\":\"https:\\\/\\\/mobcash.betandyou.info\\\/az\\\/\"},{\"@type\":\"ListItem\",\"position\":2,\"name\":\"Bi?zi?m haqqimizda\"}]},{\"@type\":\"WebSite\",\"@id\":\"https:\\\/\\\/mobcash.betandyou.info\\\/az\\\/#website\",\"url\":\"https:\\\/\\\/mobcash.betandyou.info\\\/az\\\/\",\"name\":\"Mobcash Betandyou Info\",\"description\":\"\",\"publisher\":{\"@id\":\"https:\\\/\\\/mobcash.betandyou.info\\\/az\\\/#organization\"},\"potentialAction\":[{\"@type\":\"SearchAction\",\"target\":{\"@type\":\"EntryPoint\",\"urlTemplate\":\"https:\\\/\\\/mobcash.betandyou.info\\\/az\\\/?s={search_term_string}\"},\"query-input\":{\"@type\":\"PropertyValueSpecification\",\"valueRequired\":true,\"valueName\":\"search_term_string\"}}],\"inLanguage\":\"az\"},{\"@type\":\"Organization\",\"@id\":\"https:\\\/\\\/mobcash.betandyou.info\\\/az\\\/#organization\",\"name\":\"Mobcash Betandyou Info\",\"url\":\"https:\\\/\\\/mobcash.betandyou.info\\\/az\\\/\",\"logo\":{\"@type\":\"ImageObject\",\"inLanguage\":\"az\",\"@id\":\"https:\\\/\\\/mobcash.betandyou.info\\\/az\\\/#\\\/schema\\\/logo\\\/image\\\/\",\"url\":\"https:\\\/\\\/mobcash.betandyou.info\\\/wp-content\\\/uploads\\\/sites\\\/3\\\/2026\\\/03\\\/mc-logo-branding.png\",\"contentUrl\":\"https:\\\/\\\/mobcash.betandyou.info\\\/wp-content\\\/uploads\\\/sites\\\/3\\\/2026\\\/03\\\/mc-logo-branding.png\",\"width\":211,\"height\":41,\"caption\":\"Mobcash Betandyou Info\"},\"image\":{\"@id\":\"https:\\\/\\\/mobcash.betandyou.info\\\/az\\\/#\\\/schema\\\/logo\\\/image\\\/\"}}]}<\/script>\n<!-- \/ Yoast SEO plugin. -->","yoast_head_json":{"title":"Bi\u0307zi\u0307m haqqimizda - Mobcash Betandyou Info","robots":{"index":"index","follow":"follow","max-snippet":"max-snippet:-1","max-image-preview":"max-image-preview:large","max-video-preview":"max-video-preview:-1"},"canonical":"https:\/\/mobcash.betandyou.info\/az\/about-us\/","og_locale":"az_AZ","og_type":"article","og_title":"Bi\u0307zi\u0307m haqqimizda - Mobcash Betandyou Info","og_description":"bi\u0307zi\u0307m haqqimizda Sizin m\u0259rc d\u00fcnyas\u0131nda etibarl\u0131 t\u0259r\u0259fda\u015f\u0131n\u0131z BetAndYou-a xo\u015f g\u0259lmisiniz, Mobcash agenti kimi \u00f6z g\u0259lirli biznesinizi a\u00e7a bil\u0259c\u0259yiniz bir yerdir. 2010-cu ild\u0259 quruldu\u011fumuzdan b\u0259ri biz b\u00fct\u00fcn d\u00fcnyada \u0259m\u0259liyyatlar\u0131m\u0131z\u0131 geni\u015fl\u0259ndirmi\u015fik, says\u0131z-hesabs\u0131z insanlara idman m\u0259rcl\u0259ri s\u0259nayesind\u0259 maliyy\u0259 vasit\u0259\u00e7il\u0259ri kimi i\u015fl\u0259m\u0259k imkan\u0131 t\u0259qdim edirik. Platformam\u0131z sabit v\u0259 etibarl\u0131 g\u0259lir m\u0259nb\u0259yi t\u0259min ed\u0259r\u0259k, sizin v\u0259 m\u00fc\u015ft\u0259ril\u0259riniz \u00fc\u00e7\u00fcn problemsiz \u0259m\u0259liyyatlar [&hellip;]","og_url":"https:\/\/mobcash.betandyou.info\/az\/about-us\/","og_site_name":"Mobcash Betandyou Info","article_modified_time":"2025-05-16T07:58:07+00:00","twitter_card":"summary_large_image","twitter_misc":{"Est. reading time":"1 minute"},"schema":{"@context":"https:\/\/schema.org","@graph":[{"@type":"WebPage","@id":"https:\/\/mobcash.betandyou.info\/az\/about-us\/","url":"https:\/\/mobcash.betandyou.info\/az\/about-us\/","name":"Bi\u0307zi\u0307m haqqimizda - Mobcash Betandyou Info","isPartOf":{"@id":"https:\/\/mobcash.betandyou.info\/az\/#website"},"datePublished":"2024-08-16T11:47:58+00:00","dateModified":"2025-05-16T07:58:07+00:00","breadcrumb":{"@id":"https:\/\/mobcash.betandyou.info\/az\/about-us\/#breadcrumb"},"inLanguage":"az","potentialAction":[{"@type":"ReadAction","target":["https:\/\/mobcash.betandyou.info\/az\/about-us\/"]}]},{"@type":"BreadcrumbList","@id":"https:\/\/mobcash.betandyou.info\/az\/about-us\/#breadcrumb","itemListElement":[{"@type":"ListItem","position":1,"name":"Home","item":"https:\/\/mobcash.betandyou.info\/az\/"},{"@type":"ListItem","position":2,"name":"Bi?zi?m haqqimizda"}]},{"@type":"WebSite","@id":"https:\/\/mobcash.betandyou.info\/az\/#website","url":"https:\/\/mobcash.betandyou.info\/az\/","name":"Mobcash Betandyou Info","description":"","publisher":{"@id":"https:\/\/mobcash.betandyou.info\/az\/#organization"},"potentialAction":[{"@type":"SearchAction","target":{"@type":"EntryPoint","urlTemplate":"https:\/\/mobcash.betandyou.info\/az\/?s={search_term_string}"},"query-input":{"@type":"PropertyValueSpecification","valueRequired":true,"valueName":"search_term_string"}}],"inLanguage":"az"},{"@type":"Organization","@id":"https:\/\/mobcash.betandyou.info\/az\/#organization","name":"Mobcash Betandyou Info","url":"https:\/\/mobcash.betandyou.info\/az\/","logo":{"@type":"ImageObject","inLanguage":"az","@id":"https:\/\/mobcash.betandyou.info\/az\/#\/schema\/logo\/image\/","url":"https:\/\/mobcash.betandyou.info\/wp-content\/uploads\/sites\/3\/2026\/03\/mc-logo-branding.png","contentUrl":"https:\/\/mobcash.betandyou.info\/wp-content\/uploads\/sites\/3\/2026\/03\/mc-logo-branding.png","width":211,"height":41,"caption":"Mobcash Betandyou Info"},"image":{"@id":"https:\/\/mobcash.betandyou.info\/az\/#\/schema\/logo\/image\/"}}]}},"acf":[],"_links":{"self":[{"href":"https:\/\/mobcash.betandyou.info\/az\/wp-json\/wp\/v2\/pages\/481","targetHints":{"allow":["GET"]}}],"collection":[{"href":"https:\/\/mobcash.betandyou.info\/az\/wp-json\/wp\/v2\/pages"}],"about":[{"href":"https:\/\/mobcash.betandyou.info\/az\/wp-json\/wp\/v2\/types\/page"}],"author":[{"embeddable":true,"href":"https:\/\/mobcash.betandyou.info\/az\/wp-json\/wp\/v2\/users\/1"}],"replies":[{"embeddable":true,"href":"https:\/\/mobcash.betandyou.info\/az\/wp-json\/wp\/v2\/comments?post=481"}],"version-history":[{"count":10,"href":"https:\/\/mobcash.betandyou.info\/az\/wp-json\/wp\/v2\/pages\/481\/revisions"}],"predecessor-version":[{"id":2201,"href":"https:\/\/mobcash.betandyou.info\/az\/wp-json\/wp\/v2\/pages\/481\/revisions\/2201"}],"wp:attachment":[{"href":"https:\/\/mobcash.betandyou.info\/az\/wp-json\/wp\/v2\/media?parent=481"}],"curies":[{"name":"wp","href":"https:\/\/api.w.org\/{rel}","templated":true}]}}